{"id":6,"date":"2026-05-14T21:35:28","date_gmt":"2026-05-14T19:35:28","guid":{"rendered":"https:\/\/koppkieker.de\/?page_id=6"},"modified":"2026-05-14T22:14:41","modified_gmt":"2026-05-14T20:14:41","slug":"kiekste-rein-kannste-rausgucken","status":"publish","type":"page","link":"https:\/\/koppkieker.de\/","title":{"rendered":"Kiek in ! Kiek hin! Krieg&#8217;s hin!"},"content":{"rendered":"\n<div class=\"wp-block-group alignfull is-style-section-2 has-global-padding is-layout-constrained wp-block-group-is-layout-constrained is-style-section-2--1\" style=\"margin-top:0;margin-bottom:0;padding-top:var(--wp--preset--spacing--60);padding-bottom:var(--wp--preset--spacing--60)\">\n<div class=\"wp-block-columns alignwide is-layout-flex wp-container-core-columns-is-layout-643ced6b wp-block-columns-is-layout-flex\">\n<div class=\"wp-block-column is-layout-flow wp-block-column-is-layout-flow\" style=\"flex-basis:40%\">\n<figure class=\"wp-block-image size-large\"><img loading=\"lazy\" decoding=\"async\" width=\"1024\" height=\"1024\" src=\"https:\/\/koppkieker.de\/wp-content\/uploads\/2026\/05\/Sag-ncihts-1024x1024.png\" alt=\"\" class=\"wp-image-10\" srcset=\"https:\/\/koppkieker.de\/wp-content\/uploads\/2026\/05\/Sag-ncihts-1024x1024.png 1024w, https:\/\/koppkieker.de\/wp-content\/uploads\/2026\/05\/Sag-ncihts-300x300.png 300w, https:\/\/koppkieker.de\/wp-content\/uploads\/2026\/05\/Sag-ncihts-150x150.png 150w, https:\/\/koppkieker.de\/wp-content\/uploads\/2026\/05\/Sag-ncihts-768x768.png 768w, https:\/\/koppkieker.de\/wp-content\/uploads\/2026\/05\/Sag-ncihts-1536x1536.png 1536w, https:\/\/koppkieker.de\/wp-content\/uploads\/2026\/05\/Sag-ncihts.png 2000w\" sizes=\"auto, (max-width: 1024px) 100vw, 1024px\" \/><\/figure>\n<\/div>\n\n\n\n<div class=\"wp-block-column is-vertically-aligned-center is-layout-flow wp-container-core-column-is-layout-119bc444 wp-block-column-is-layout-flow\" style=\"flex-basis:60%\">\n<h2 class=\"wp-block-heading has-xx-large-font-size\">Wer sind wir?<\/h2>\n\n\n\n<p>Wir sind zwei frisch gebackene Psychotherapeuten, die ihre eigene Praxis er\u00f6ffnen. Da wir noch keinen Kassensitz haben, behandeln wir \u00fcber Kostenerstattungsverfahren, Fallpauschalen f\u00fcr Weiterbildungsf\u00e4lle und behandlen gerne auch Selbstzahler.<\/p>\n\n\n\n<p><strong>Christian Hautmann<\/strong><\/p>\n\n\n\n<p>Ist ausgebildeter Verhaltenstherapeut mit Tiefenblick und kreativer Originalit\u00e4t. Er verwendet sowohl verhaltenstherapeutische, tiefenpsychologische und systemische Techniken im Einzel- und Gruppensetting. Er zeichnet sich durch Authentizit\u00e4t und Humor aus.<\/p>\n\n\n\n<p><strong>Clara Evers-Zimmer<\/strong><\/p>\n\n\n\n<p>Ist ausgebildete Tiefenpsychologin und arbeitet mit Erwachsenen und Kindern, wobei sie nicht vor verhaltenstherapeutischen Interventionen zur\u00fcckscheut, sobald sie notwendig werden. Sie zeichnet sich durch Empathie und Mitgef\u00fchl aus.<\/p>\n\n\n\n<div class=\"wp-block-group is-vertical is-layout-flex wp-container-core-group-is-layout-41e20069 wp-block-group-is-layout-flex\">\n<h3 class=\"wp-block-heading has-small-font-size\" style=\"font-style:normal;font-weight:600;letter-spacing:1px;text-transform:uppercase\">Auf deiner Lieblingsplattform abonnieren<\/h3>\n\n\n\n<div class=\"wp-block-group is-layout-flex wp-block-group-is-layout-flex\">\n<p class=\"is-style-text-annotation is-style-text-annotation--2\"><a href=\"#\">YouTube<\/a><\/p>\n\n\n\n<p class=\"is-style-text-annotation is-style-text-annotation--3\"><a href=\"#\">Apple Podcasts<\/a><\/p>\n\n\n\n<p class=\"is-style-text-annotation is-style-text-annotation--4\"><a href=\"#\">Spotify<\/a><\/p>\n\n\n\n<p class=\"is-style-text-annotation is-style-text-annotation--5\"><a href=\"#\">Pocket Casts<\/a><\/p>\n\n\n\n<p class=\"is-style-text-annotation is-style-text-annotation--6\"><a href=\"#\">RSS<\/a><\/p>\n<\/div>\n<\/div>\n<\/div>\n<\/div>\n<\/div>\n\n\n\n<div class=\"wp-block-group alignfull is-style-section-5 has-global-padding is-layout-constrained wp-block-group-is-layout-constrained is-style-section-5--7\" style=\"margin-top:0;margin-bottom:0;padding-top:var(--wp--preset--spacing--50);padding-bottom:var(--wp--preset--spacing--50)\">\n<div class=\"wp-block-columns alignwide is-layout-flex wp-container-core-columns-is-layout-7ee84d44 wp-block-columns-is-layout-flex\">\n<div class=\"wp-block-column is-vertically-aligned-center is-layout-flow wp-block-column-is-layout-flow\" style=\"flex-basis:50%\">\n<h2 class=\"wp-block-heading\">Was ist und Wichtig?<\/h2>\n\n\n\n<p class=\"has-medium-font-size\">Wir k\u00f6nnen dich nicht verstehen, wenn du es nicht tust! Meist ist der Grundstein f\u00fcr die Ver\u00e4nderung von Lebensangelegenheiten, ein Grundlegendes Verst\u00e4ndnis und Empfinden f\u00fcr sich selbst &#8211; und die F\u00e4higkeit das bei anderen nachvollziehen zu k\u00f6nnen.<\/p>\n<\/div>\n\n\n\n<div class=\"wp-block-column is-vertically-aligned-center is-layout-flow wp-block-column-is-layout-flow\" style=\"flex-basis:50%\">\n<figure class=\"wp-block-image size-full\"><img loading=\"lazy\" decoding=\"async\" width=\"2268\" height=\"2268\" src=\"https:\/\/koppkieker.de\/wp-content\/uploads\/2026\/05\/Mentalisierung.png\" alt=\"\" class=\"wp-image-14\" style=\"aspect-ratio:1;object-fit:cover\" srcset=\"https:\/\/koppkieker.de\/wp-content\/uploads\/2026\/05\/Mentalisierung.png 2268w, https:\/\/koppkieker.de\/wp-content\/uploads\/2026\/05\/Mentalisierung-300x300.png 300w, https:\/\/koppkieker.de\/wp-content\/uploads\/2026\/05\/Mentalisierung-1024x1024.png 1024w, https:\/\/koppkieker.de\/wp-content\/uploads\/2026\/05\/Mentalisierung-150x150.png 150w, https:\/\/koppkieker.de\/wp-content\/uploads\/2026\/05\/Mentalisierung-768x768.png 768w, https:\/\/koppkieker.de\/wp-content\/uploads\/2026\/05\/Mentalisierung-1536x1536.png 1536w, https:\/\/koppkieker.de\/wp-content\/uploads\/2026\/05\/Mentalisierung-2048x2048.png 2048w\" sizes=\"auto, (max-width: 2268px) 100vw, 2268px\" \/><\/figure>\n<\/div>\n<\/div>\n<\/div>\n\n\n\n<div class=\"wp-block-group alignfull is-style-section-1 has-global-padding is-layout-constrained wp-block-group-is-layout-constrained is-style-section-1--8\" style=\"margin-top:0;margin-bottom:0;padding-top:var(--wp--preset--spacing--80);padding-bottom:var(--wp--preset--spacing--80)\">\n<h2 class=\"wp-block-heading has-text-align-center\">The Stories Podcast wird gesponsert von<\/h2>\n\n\n\n<div style=\"height:var(--wp--preset--spacing--30)\" aria-hidden=\"true\" class=\"wp-block-spacer\"><\/div>\n\n\n\n<div class=\"wp-block-group alignwide is-content-justification-center is-layout-flex wp-container-core-group-is-layout-2c471116 wp-block-group-is-layout-flex\">\n\n\n\n\n\n\n\n<\/div>\n<\/div>\n\n\n\n<div class=\"wp-block-group alignfull has-global-padding is-layout-constrained wp-container-core-group-is-layout-ebee8dc1 wp-block-group-is-layout-constrained\" style=\"margin-top:0;margin-bottom:0;padding-top:var(--wp--preset--spacing--50);padding-bottom:var(--wp--preset--spacing--50)\">\n<div class=\"wp-block-group alignwide is-content-justification-space-between is-layout-flex wp-container-core-group-is-layout-9366075c wp-block-group-is-layout-flex\">\n<h2 class=\"wp-block-heading alignwide has-text-align-left is-style-text-subtitle has-x-large-font-size is-style-text-subtitle--9\">Erkunde die Folgen<\/h2>\n\n\n\n<p class=\"is-style-text-annotation is-style-text-annotation--10\">Podcast<\/p>\n<\/div>\n\n\n\n<div class=\"wp-block-group alignwide is-layout-grid wp-container-core-group-is-layout-1ce758a5 wp-block-group-is-layout-grid\">\n<figure class=\"wp-block-video\"><\/figure>\n\n\n\n<figure class=\"wp-block-video\"><\/figure>\n\n\n\n<figure class=\"wp-block-video\"><\/figure>\n\n\n\n<figure class=\"wp-block-video\"><\/figure>\n\n\n\n<figure class=\"wp-block-video\"><\/figure>\n\n\n\n<figure class=\"wp-block-video\"><\/figure>\n<\/div>\n<\/div>\n\n\n\n<aside class=\"wp-block-group alignfull is-style-section-3 has-global-padding is-layout-constrained wp-container-core-group-is-layout-f0f2a97b wp-block-group-is-layout-constrained is-style-section-3--11\" style=\"margin-top:0;margin-bottom:0;padding-top:var(--wp--preset--spacing--50);padding-right:var(--wp--preset--spacing--50);padding-bottom:var(--wp--preset--spacing--50);padding-left:var(--wp--preset--spacing--50)\">\n<div class=\"wp-block-group is-vertical is-content-justification-center is-layout-flex wp-container-core-group-is-layout-8778ca4a wp-block-group-is-layout-flex\" style=\"min-height:360px;margin-top:0;margin-bottom:0\">\n<h2 class=\"wp-block-heading has-text-align-center has-xx-large-font-size\">Melde dich an, um t\u00e4gliche Geschichten zu erhalten<\/h2>\n\n\n\n<p class=\"has-text-align-center is-style-text-subtitle is-style-text-subtitle--12\">Erhalte Zugang zu einer kuratierten Sammlung von Momentaufnahmen mit Fotos von historischer Bedeutung.<\/p>\n\n\n\n<div style=\"height:0px\" aria-hidden=\"true\" class=\"wp-block-spacer wp-container-content-62aae154\"><\/div>\n\n\n\n<div class=\"wp-block-buttons is-content-justification-center is-layout-flex wp-container-core-buttons-is-layout-a89b3969 wp-block-buttons-is-layout-flex\">\n<div class=\"wp-block-button\"><a class=\"wp-block-button__link has-text-align-center wp-element-button\">Abonnieren<\/a><\/div>\n<\/div>\n<\/div>\n<\/aside>\n","protected":false},"excerpt":{"rendered":"<p>Wer sind wir? Wir sind zwei frisch gebackene Psychotherapeuten, die ihre eigene Praxis er\u00f6ffnen. Da wir noch keinen Kassensitz haben, behandeln wir \u00fcber Kostenerstattungsverfahren, Fallpauschalen f\u00fcr Weiterbildungsf\u00e4lle und behandlen gerne auch Selbstzahler. Christian Hautmann Ist ausgebildeter Verhaltenstherapeut mit Tiefenblick und kreativer Originalit\u00e4t. Er verwendet sowohl verhaltenstherapeutische, tiefenpsychologische und systemische Techniken im Einzel- und Gruppensetting. Er [&hellip;]<\/p>\n","protected":false},"author":1,"featured_media":0,"parent":0,"menu_order":0,"comment_status":"closed","ping_status":"closed","template":"","meta":{"footnotes":""},"class_list":["post-6","page","type-page","status-publish","hentry"],"_links":{"self":[{"href":"https:\/\/koppkieker.de\/index.php?rest_route=\/wp\/v2\/pages\/6","targetHints":{"allow":["GET"]}}],"collection":[{"href":"https:\/\/koppkieker.de\/index.php?rest_route=\/wp\/v2\/pages"}],"about":[{"href":"https:\/\/koppkieker.de\/index.php?rest_route=\/wp\/v2\/types\/page"}],"author":[{"embeddable":true,"href":"https:\/\/koppkieker.de\/index.php?rest_route=\/wp\/v2\/users\/1"}],"replies":[{"embeddable":true,"href":"https:\/\/koppkieker.de\/index.php?rest_route=%2Fwp%2Fv2%2Fcomments&post=6"}],"version-history":[{"count":6,"href":"https:\/\/koppkieker.de\/index.php?rest_route=\/wp\/v2\/pages\/6\/revisions"}],"predecessor-version":[{"id":16,"href":"https:\/\/koppkieker.de\/index.php?rest_route=\/wp\/v2\/pages\/6\/revisions\/16"}],"wp:attachment":[{"href":"https:\/\/koppkieker.de\/index.php?rest_route=%2Fwp%2Fv2%2Fmedia&parent=6"}],"curies":[{"name":"wp","href":"https:\/\/api.w.org\/{rel}","templated":true}]}}